{"id":10790,"date":"2020-03-27T13:30:59","date_gmt":"2020-03-27T12:30:59","guid":{"rendered":"https:\/\/jouwoffice.nl\/?post_type=product&#038;p=10790"},"modified":"2023-03-30T12:57:06","modified_gmt":"2023-03-30T10:57:06","slug":"microsoft-office-2016-home-and-business-mac","status":"publish","type":"product","link":"https:\/\/jouwoffice.nl\/fr\/microsoft-office-2016-home-and-business-mac\/","title":{"rendered":"Microsoft Office 2016 Home and Business MAC"},"content":{"rendered":"<div class=\"wpb-content-wrapper\"><h2>Microsoft Office 2016 Home and Business MAC<\/h2>\n<div class=\"vc_row wpb_row vc_row-fluid\"><div class=\"wpb_column vc_column_container vc_col-sm-12\"><div class=\"vc_column-inner\"><div class=\"wpb_wrapper\"><div class=\"vc_message_box vc_message_box-standard vc_message_box-rounded vc_color-info vc_custom_1585646835696 vc_do_message\" ><div class=\"vc_message_box-icon\"><i class=\"fa fa-solid fa-circle-info\"><\/i><\/div><p>Uniquement pour Mac ! <a href=\"http:\/\/jouwoffice.nl\/fr\/\" target=\"_blank\" rel=\"noopener\">Cliquez ici pour Windows<\/a>.<\/p>\n<\/div>\n\t<div class=\"wpb_text_column wpb_content_element\" >\n\t\t<div class=\"wpb_wrapper\">\n\t\t\t<p><strong>Microsoft Office 2016 Home and Business<\/strong>\u00a0<strong>Mac<\/strong>\u00a0is de beste optie voor mensen die Office op \u00e9\u00e9n <a href=\"https:\/\/nl.wikipedia.org\/wiki\/MacBook_(2015-2019)\" target=\"_blank\" rel=\"noopener\">Macbook<\/a> of iMac willen gebruiken en geen abonnement willen.<\/p>\n<p>&nbsp;<\/p>\n<p><b>Wat is er inbegrepen bij Microsoft Office 2016 Home and Business MAC\u00a0?<\/b><\/p>\n<p>Microsoft Office Word 2016<br \/>\nMicrosoft Office Excel 2016<br \/>\nMicrosoft Office Powerpoint 2016<br \/>\nMicrosoft Office Outlook 2016<br \/>\nMicrosoft Office OneNote 2016<\/p>\n<ul class=\"default_listitem\">\n<li style=\"list-style-type: none;\"><\/li>\n<\/ul>\n<p>Lors de l'installation, vous pouvez s\u00e9lectionner la langue de votre choix. Par exemple, l'anglais, le fran\u00e7ais, l'allemand, l'espagnol ou le n\u00e9erlandais.<\/p>\n<p>&nbsp;<\/p>\n<p><em><strong>Configuration requise :<\/strong><\/em><\/p>\n<p><strong>Ordinateur et processeur<\/strong><br \/>\nProcesseur Intel<\/p>\n<p><b>M\u00e9moire RAM :<\/b><br \/>\n4 GB RAM<\/p>\n<p><strong>Espace disque<\/strong>:<br \/>\nAu moins 6 Go d'espace libre<\/p>\n<p><strong>R\u00e9solution de l'\u00e9cran :<\/strong><br \/>\n1280 x 800 pixels ou plus<\/p>\n<p><strong>Syst\u00e8me d'exploitation :<\/strong><br \/>\nMac OS X version 10.10 ou sup\u00e9rieure<\/p>\n<p>&nbsp;<\/p>\n<p>Vous pouvez acheter Microsoft Office 2019 aupr\u00e8s de YourLicenses. Nous ne vendons que des produits authentiques que vous pouvez installer sur votre (vos) appareil(s) par les canaux officiels. Les produits sont directement exp\u00e9di\u00e9s par courrier \u00e9lectronique apr\u00e8s avoir effectu\u00e9 votre paiement par PayPal, carte de cr\u00e9dit ou virement bancaire.<\/p>\n<p>You can also check <a href=\"https:\/\/jouwoffice.nl\/fr\/microsoft-office-2019-professional-plus-windows\/\">Microsoft office 2019<\/a><\/p>\n\n\t\t<\/div>\n\t<\/div>\n<\/div><\/div><\/div><\/div>\n<\/div>","protected":false},"excerpt":{"rendered":"<p><strong>Microsoft Office 2016 Home and Business MAC <\/strong>is de voordeligste versie van het Microsoft Office pakket voor jouw iMac of MacBook.<\/p>\n<p>Office 2016 Professional Plus is de beste optie voor mensen die Office willen gebruiken en geen jaarlijks abonnement wensen.<\/p>\n<ul class=\"list-advantages mt5\" style=\"margin-bottom: 40px;\">\n<li class=\"right-underlined\"><i class=\"glyphicon glyphicon-ok text-primary\"><\/i>\u00a0<strong>Imm\u00e9diatement exp\u00e9di\u00e9<\/strong> par e-mail !<\/li>\n<li class=\"right-underlined\"><i class=\"glyphicon glyphicon-ok text-primary\"><\/i>\u00a0<strong>Veilige<\/strong> Paiement <strong>s\u00e9curis\u00e9<\/strong> betaling<\/li>\n<li class=\"right-underlined\"><i class=\"glyphicon glyphicon-ok text-primary\"><\/i>\u00a0<strong>Aide gratuite <\/strong>\u00e0 l'installation<\/li>\n<li class=\"right-underlined\"><i class=\"glyphicon glyphicon-ok text-primary\"><\/i>\u00a0Service client\u00e8le<\/li>\n<\/ul>\n<p><strong>Uniquement pour Mac <\/strong><br \/>\n<strong>Eenmalige aankoop, voor \u00e9\u00e9n activatie op \u00e9\u00e9n apparaat.<\/strong><\/p>","protected":false},"featured_media":43023,"comment_status":"open","ping_status":"closed","template":"","meta":[],"product_brand":[],"product_cat":[86],"product_tag":[84,83,78,82],"class_list":{"0":"post-10790","1":"product","2":"type-product","3":"status-publish","4":"has-post-thumbnail","6":"product_cat-office-voor-mac","7":"product_tag-home-and-business","8":"product_tag-mac","9":"product_tag-microsoft","10":"product_tag-office-2016","12":"first","13":"outofstock","14":"sale","15":"taxable","16":"shipping-taxable","17":"purchasable","18":"product-type-simple"},"_links":{"self":[{"href":"https:\/\/jouwoffice.nl\/fr\/wp-json\/wp\/v2\/product\/10790","targetHints":{"allow":["GET"]}}],"collection":[{"href":"https:\/\/jouwoffice.nl\/fr\/wp-json\/wp\/v2\/product"}],"about":[{"href":"https:\/\/jouwoffice.nl\/fr\/wp-json\/wp\/v2\/types\/product"}],"replies":[{"embeddable":true,"href":"https:\/\/jouwoffice.nl\/fr\/wp-json\/wp\/v2\/comments?post=10790"}],"wp:featuredmedia":[{"embeddable":true,"href":"https:\/\/jouwoffice.nl\/fr\/wp-json\/wp\/v2\/media\/43023"}],"wp:attachment":[{"href":"https:\/\/jouwoffice.nl\/fr\/wp-json\/wp\/v2\/media?parent=10790"}],"wp:term":[{"taxonomy":"product_brand","embeddable":true,"href":"https:\/\/jouwoffice.nl\/fr\/wp-json\/wp\/v2\/product_brand?post=10790"},{"taxonomy":"product_cat","embeddable":true,"href":"https:\/\/jouwoffice.nl\/fr\/wp-json\/wp\/v2\/product_cat?post=10790"},{"taxonomy":"product_tag","embeddable":true,"href":"https:\/\/jouwoffice.nl\/fr\/wp-json\/wp\/v2\/product_tag?post=10790"}],"curies":[{"name":"wp","href":"https:\/\/api.w.org\/{rel}","templated":true}]}}