{"id":7434,"date":"2018-03-06T06:02:44","date_gmt":"2018-03-06T05:02:44","guid":{"rendered":"https:\/\/themes.radiantthemes.com\/consultix\/demo-one\/?page_id=7434"},"modified":"2022-06-05T20:30:49","modified_gmt":"2022-06-05T18:30:49","slug":"veelgestelde-vragen","status":"publish","type":"page","link":"https:\/\/jouwoffice.nl\/fr\/veelgestelde-vragen\/","title":{"rendered":"FAQ"},"content":{"rendered":"<div class=\"wpb-content-wrapper\"><section data-vc-full-width=\"true\" data-vc-full-width-temp=\"true\" data-vc-full-width-init=\"false\" data-vc-stretch-content=\"true\" class=\"vc_section vc_custom_1654453231876 vc_section-has-fill\"><div data-vc-full-width=\"true\" data-vc-full-width-temp=\"true\" data-vc-full-width-init=\"false\" data-vc-stretch-content=\"true\" class=\"vc_row wpb_row vc_row-fluid vc_custom_1654453213729 vc_row-o-equal-height vc_row-flex\"><div class=\"box-shadow-contact wpb_column vc_column_container vc_col-sm-2 vc_col-has-fill\"><div class=\"vc_column-inner vc_custom_1654453186957\"><div class=\"wpb_wrapper\"><\/div><\/div><\/div><div class=\"wpb_column vc_column_container vc_col-sm-8\"><div class=\"vc_column-inner\"><div class=\"wpb_wrapper\"><h1 style=\"font-size: 48px;line-height: 48px;text-align: left\" class=\"vc_custom_heading vc_do_custom_heading vc_custom_1654450401660\" >FAQ<\/h1><h2 style=\"font-size: 35px;line-height: 35px;text-align: left\" class=\"vc_custom_heading vc_do_custom_heading vc_custom_1654450494677\" >Office licenties voor Windows: Veelgestelde vragen<\/h2><div class=\"rt-accordion element-five\"  ><div class=\"rt-accordion-item\"><div class=\"rt-accordion-item-title\"><div class=\"rt-accordion-item-title-icon\"><div class=\"symbol\"><\/div><\/div><h4 class=\"panel-title\">Puis-je transf\u00e9rer la licence sur un autre appareil ?<\/h4><\/div><div class=\"rt-accordion-item-body\">De Office licenties voor <a href=\"https:\/\/nl.wikipedia.org\/wiki\/Microsoft_Windows\" target=\"_blank\" rel=\"noopener\">Windows<\/a> zijn niet overdraagbaar naar een ander apparaat, en slechts \u00e9\u00e9n keer te gebruiken voor activatie van de Office programma&#8217;s. Ben je van plan om binnenkort een nieuwe PC\/laptop aan te schaffen, houdt er dan rekening mee dat je voor dat apparaat een nieuwe licentie moet aanschaffen.<\/p>\n<p><\/div><\/div><div class=\"rt-accordion-item\"><div class=\"rt-accordion-item-title\"><div class=\"rt-accordion-item-title-icon\"><div class=\"symbol\"><\/div><\/div><h4 class=\"panel-title\">Les licences sont-elles authentiques ?<\/h4><\/div><div class=\"rt-accordion-item-body\">Wij verkopen alleen maar authentieke en originele <a href=\"https:\/\/jouwoffice.nl\/fr\/\">Office 2019<\/a> keys, ingekocht bij offici\u00eble bedrijven binnen Europa. Wij geven hier dan ook een 100% garantie op.<\/div><\/div><div class=\"rt-accordion-item\"><div class=\"rt-accordion-item-title\"><div class=\"rt-accordion-item-title-icon\"><div class=\"symbol\"><\/div><\/div><h4 class=\"panel-title\">Comment vais-je recevoir la licence ?<\/h4><\/div><div class=\"rt-accordion-item-body\">Vous recevrez un e-mail avec la licence directement apr\u00e8s l'achat. Si vous ne l'avez pas re\u00e7u, veuillez nous contacter directement.<\/div><\/div><div class=\"rt-accordion-item\"><div class=\"rt-accordion-item-title\"><div class=\"rt-accordion-item-title-icon\"><div class=\"symbol\"><\/div><\/div><h4 class=\"panel-title\">Comment puis-je payer ?<\/h4><\/div><div class=\"rt-accordion-item-body\">Actuellement, nous acceptons les modes de paiement suivants :<\/p>\n<ul>\n<li>iDeal, Bancontact<\/li>\n<li>PayPal<\/li>\n<li>Virement bancaire ou carte de cr\u00e9dit<\/li>\n<\/ul>\n<p>In sommige gevallen worden er extra kosten berekend door de banken. Dit percentage is afhankelijk van de gekozen betaalmethode.<\/div><\/div><div class=\"rt-accordion-item\"><div class=\"rt-accordion-item-title\"><div class=\"rt-accordion-item-title-icon\"><div class=\"symbol\"><\/div><\/div><h4 class=\"panel-title\">Dois-je payer des frais d'exp\u00e9dition ?<\/h4><\/div><div class=\"rt-accordion-item-body\">Non. Vous recevez vos licences par courrier \u00e9lectronique, vous n'avez donc pas \u00e0 payer de frais d'exp\u00e9dition.<\/div><\/div><div class=\"rt-accordion-item\"><div class=\"rt-accordion-item-title\"><div class=\"rt-accordion-item-title-icon\"><div class=\"symbol\"><\/div><\/div><h4 class=\"panel-title\">Puis-je annuler ou retourner ma commande ?<\/h4><\/div><div class=\"rt-accordion-item-body\">Non. Les produits num\u00e9riques ne peuvent pas \u00eatre retourn\u00e9s. Si vous avez des probl\u00e8mes, nous vous aiderons \u00e0 les r\u00e9gler ou vous livrerons un nouveau code d'activation.<\/div><\/div><div class=\"rt-accordion-item\"><div class=\"rt-accordion-item-title\"><div class=\"rt-accordion-item-title-icon\"><div class=\"symbol\"><\/div><\/div><h4 class=\"panel-title\">Puis-je \u00e9galement l'utiliser sur Mac ?<\/h4><\/div><div class=\"rt-accordion-item-body\">Office voor Windows kan je <strong>niet<\/strong> activeren op een Mac. Wij verkopen aparte licenties voor Mac, <a href=\"https:\/\/jouwoffice.nl\/fr\/categorie\/office-voor-mac\/\">bekijk het hier.<\/a><\/div><\/div><div class=\"rt-accordion-item\"><div class=\"rt-accordion-item-title\"><div class=\"rt-accordion-item-title-icon\"><div class=\"symbol\"><\/div><\/div><h4 class=\"panel-title\">Dois-je payer un abonnement mensuel ou annuel ?<\/h4><\/div><div class=\"rt-accordion-item-body\">Non ! Nos licences sont un achat unique, que vous pouvez utiliser pour une dur\u00e9e illimit\u00e9e sur l'appareil que vous avez activ\u00e9.<\/div><\/div><\/div><\/div><\/div><\/div><div class=\"wpb_column vc_column_container vc_col-sm-2\"><div class=\"vc_column-inner\"><div class=\"wpb_wrapper\"><\/div><\/div><\/div><\/div><div class=\"vc_row-full-width vc_clearfix\"><\/div><\/section><div class=\"vc_row-full-width vc_clearfix\"><\/div>\n<\/div>","protected":false},"excerpt":{"rendered":"Veelgestelde vragenOffice licenties voor Windows: Veelgestelde vragenKan ik de licentie overzetten op een ander apparaat?De Office licenties voor Windows zijn niet overdraagbaar naar een ander apparaat, en slechts \u00e9\u00e9n keer te gebruiken voor activatie van de Office programma's. Ben je van plan om binnenkort een nieuwe PC\/laptop aan te schaffen, houdt er dan rekening mee [...]","protected":false},"author":1,"featured_media":0,"parent":0,"menu_order":0,"comment_status":"closed","ping_status":"closed","template":"","meta":{"footnotes":""},"class_list":["post-7434","page","type-page","status-publish","hentry"],"_links":{"self":[{"href":"https:\/\/jouwoffice.nl\/fr\/wp-json\/wp\/v2\/pages\/7434","targetHints":{"allow":["GET"]}}],"collection":[{"href":"https:\/\/jouwoffice.nl\/fr\/wp-json\/wp\/v2\/pages"}],"about":[{"href":"https:\/\/jouwoffice.nl\/fr\/wp-json\/wp\/v2\/types\/page"}],"author":[{"embeddable":true,"href":"https:\/\/jouwoffice.nl\/fr\/wp-json\/wp\/v2\/users\/1"}],"replies":[{"embeddable":true,"href":"https:\/\/jouwoffice.nl\/fr\/wp-json\/wp\/v2\/comments?post=7434"}],"version-history":[{"count":0,"href":"https:\/\/jouwoffice.nl\/fr\/wp-json\/wp\/v2\/pages\/7434\/revisions"}],"wp:attachment":[{"href":"https:\/\/jouwoffice.nl\/fr\/wp-json\/wp\/v2\/media?parent=7434"}],"curies":[{"name":"wp","href":"https:\/\/api.w.org\/{rel}","templated":true}]}}