{"id":17669,"date":"2020-10-12T18:40:12","date_gmt":"2020-10-12T17:40:12","guid":{"rendered":"https:\/\/jouwoffice.nl\/?page_id=17669"},"modified":"2022-05-28T11:05:29","modified_gmt":"2022-05-28T09:05:29","slug":"windows-10-installeren","status":"publish","type":"page","link":"https:\/\/jouwoffice.nl\/fr\/windows-10-installeren\/","title":{"rendered":"Installer Windows 10"},"content":{"rendered":"<div class=\"wpb-content-wrapper\"><section data-vc-full-width=\"true\" data-vc-full-width-temp=\"true\" data-vc-full-width-init=\"false\" class=\"vc_section vc_custom_1519729320894 vc_section-has-fill\"><div class=\"vc_row wpb_row vc_row-fluid vc_custom_1519729633442 vc_row-o-equal-height vc_row-flex\"><div class=\"box-shadow-contact wpb_column vc_column_container vc_col-sm-12 vc_col-has-fill\"><div class=\"vc_column-inner vc_custom_1519729536737\"><div class=\"wpb_wrapper\"><h1 style=\"font-size: 28px;line-height: 27px;text-align: left\" class=\"vc_custom_heading vc_do_custom_heading vc_custom_1651162772237\" >Windows 10 installeren: Hoe installeer ik Windows 10?<\/h1><div class=\"vc_empty_space\"   style=\"height: 32px\"><span class=\"vc_empty_space_inner\"><\/span><\/div>\n\t<div class=\"wpb_text_column wpb_content_element\" >\n\t\t<div class=\"wpb_wrapper\">\n\t\t\t<p>L'installation de Windows 10 est facile et peut se faire en suivant les \u00e9tapes ci-dessous. Des questions ? <a href=\"http:\/\/jouwoffice.nl\/fr\/nous-contacter\/\" target=\"_blank\" rel=\"noopener\">Contactez-nous ici.<\/a> Contactez-nous par e-mail ou sur le chat.<\/p>\n\n\t\t<\/div>\n\t<\/div>\n<div class=\"rt-accordion element-five\"  ><div class=\"rt-accordion-item\"><div class=\"rt-accordion-item-title\"><div class=\"rt-accordion-item-title-icon\"><div class=\"symbol\"><\/div><\/div><h4 class=\"panel-title\">\u00c9tape 1 : T\u00e9l\u00e9charger Windows<\/h4><\/div><div class=\"rt-accordion-item-body\"><\/p>\n<div class=\"wpb_text_column wpb_content_element\">\n<div class=\"wpb_wrapper\">\n<h2>Windows 10 installeren Step<\/h2>\n<p>T\u00e9l\u00e9chargez le logiciel d'installation de Windows 10 dans votre langue pr\u00e9f\u00e9r\u00e9e \u00e0 partir du site web officiel de Microsoft via le lien ci-dessous :<\/p>\n<\/div>\n<\/div>\n<div class=\"rt-button element-one hover-style-one\" style=\"margin-bottom: 20px;\"><a class=\"rt-button-main\" href=\"https:\/\/www.microsoft.com\/nl-nl\/software-download\/windows10ISO\" target=\"_blank\" rel=\"noopener\">T\u00c9L\u00c9CHARGER WINDOWS<\/a><\/div>\n<div><\/div>\n<div>\n<figure id=\"attachment_17672\" aria-describedby=\"caption-attachment-17672\" style=\"width: 1024px\" class=\"wp-caption alignnone\"><img fetchpriority=\"high\" decoding=\"async\" class=\"wp-image-17672 size-large\" src=\"https:\/\/jouwoffice.nl\/wp-content\/uploads\/2020\/10\/Screenshot-2020-04-26-at-16.22.57-1-1024x366.png\" alt=\"Installer Windows 10\" width=\"1024\" height=\"366\" title=\"\"><figcaption id=\"caption-attachment-17672\" class=\"wp-caption-text\">Installer Windows 10<\/figcaption><\/figure>\n<\/div>\n<p><\/div><\/div><div class=\"rt-accordion-item\"><div class=\"rt-accordion-item-title\"><div class=\"rt-accordion-item-title-icon\"><div class=\"symbol\"><\/div><\/div><h4 class=\"panel-title\">\u00c9tape 2 : Ouvrir le fichier<\/h4><\/div><div class=\"rt-accordion-item-body\">Na het openen van de installatie tool krijg je de keuze om <a href=\"https:\/\/jouwoffice.nl\/fr\/\">jouw<\/a> PC\/laptop te updaten of installatie media te maken. Als je installatie media wilt aanmaken, lees dan\u00a0<a href=\"https:\/\/www.cnet.com\/how-to\/creating-a-windows-10-boot-drive-is-easy-peasy-heres-how\/\" target=\"_blank\" rel=\"noopener\">cet article via ce lien<\/a>.<\/p>\n<p>&nbsp;<\/p>\n<p><img decoding=\"async\" class=\"alignnone wp-image-17673 size-large\" src=\"https:\/\/jouwoffice.nl\/wp-content\/uploads\/2020\/10\/Screenshot-2020-04-26-at-16.26.16-1024x760.png\" alt=\"\" width=\"640\" height=\"475\" title=\"\"><\/div><\/div><div class=\"rt-accordion-item\"><div class=\"rt-accordion-item-title\"><div class=\"rt-accordion-item-title-icon\"><div class=\"symbol\"><\/div><\/div><h4 class=\"panel-title\">\u00c9tape 3 : Commencer l'installation<\/h4><\/div><div class=\"rt-accordion-item-body\">Apr\u00e8s avoir choisi une mise \u00e0 jour du PC \/ ordinateur portable actuel, l'installation commencera.<\/p>\n<p><strong>IMPORTANT : l'installation peut prendre quelques minutes, n'\u00e9teignez pas l'ordinateur et ne passez pas en mode veille pendant l'installation.<\/strong><\/div><\/div><div class=\"rt-accordion-item\"><div class=\"rt-accordion-item-title\"><div class=\"rt-accordion-item-title-icon\"><div class=\"symbol\"><\/div><\/div><h4 class=\"panel-title\">\u00c9tape 4 : Activer<\/h4><\/div><div class=\"rt-accordion-item-body\"><\/p>\n<div class=\"wpb_text_column wpb_content_element\">\n<div class=\"wpb_wrapper\">\n<p>Lors de l'installation, il vous sera demand\u00e9 un code d'activation. Vous pouvez saisir le code d'activation que vous avez re\u00e7u par e-mail dans l'\u00e9cran ci-dessous :<\/p>\n<p>&nbsp;<\/p>\n<\/div>\n<\/div>\n<div class=\"martfury-empty-space\"><img decoding=\"async\" class=\"alignnone wp-image-17674 size-full\" src=\"https:\/\/jouwoffice.nl\/wp-content\/uploads\/2020\/10\/stap3-1.png\" alt=\"\" width=\"619\" height=\"424\" title=\"\"><\/div>\n<p><\/div><\/div><\/div><\/div><\/div><\/div><\/div><\/section><div class=\"vc_row-full-width vc_clearfix\"><\/div>\n<\/div>","protected":false},"excerpt":{"rendered":"Windows 10 installeren: Hoe installeer ik Windows 10? Het installeren van Windows 10 is erg simpel, je kunt gemakkelijk de onderstaande stappen volgen, toch nog vragen? Je kunt via hier altijd contact met ons opnemen per mail of via de chat. Stap 1: Download Windows Windows 10 installeren Step Download de Windows 10 installatie software [...]","protected":false},"author":1,"featured_media":0,"parent":0,"menu_order":0,"comment_status":"closed","ping_status":"closed","template":"","meta":{"footnotes":""},"class_list":["post-17669","page","type-page","status-publish","hentry"],"_links":{"self":[{"href":"https:\/\/jouwoffice.nl\/fr\/wp-json\/wp\/v2\/pages\/17669","targetHints":{"allow":["GET"]}}],"collection":[{"href":"https:\/\/jouwoffice.nl\/fr\/wp-json\/wp\/v2\/pages"}],"about":[{"href":"https:\/\/jouwoffice.nl\/fr\/wp-json\/wp\/v2\/types\/page"}],"author":[{"embeddable":true,"href":"https:\/\/jouwoffice.nl\/fr\/wp-json\/wp\/v2\/users\/1"}],"replies":[{"embeddable":true,"href":"https:\/\/jouwoffice.nl\/fr\/wp-json\/wp\/v2\/comments?post=17669"}],"version-history":[{"count":0,"href":"https:\/\/jouwoffice.nl\/fr\/wp-json\/wp\/v2\/pages\/17669\/revisions"}],"wp:attachment":[{"href":"https:\/\/jouwoffice.nl\/fr\/wp-json\/wp\/v2\/media?parent=17669"}],"curies":[{"name":"wp","href":"https:\/\/api.w.org\/{rel}","templated":true}]}}