{"id":11292,"date":"2021-04-06T09:09:55","date_gmt":"2021-04-06T08:09:55","guid":{"rendered":"https:\/\/jouwoffice.nl\/?post_type=product&#038;p=11292"},"modified":"2025-08-21T18:13:22","modified_gmt":"2025-08-21T16:13:22","slug":"microsoft-office-2019-professional-plus-windows","status":"publish","type":"product","link":"https:\/\/jouwoffice.nl\/en\/microsoft-office-2019-professional-plus-windows\/","title":{"rendered":"Microsoft Office 2019 Professional Plus (windows)"},"content":{"rendered":"<div class=\"wpb-content-wrapper\"><h2>Microsoft Office 2019 Professional Plus<\/h2>\n<div class=\"vc_row wpb_row vc_row-fluid\"><div class=\"wpb_column vc_column_container vc_col-sm-12\"><div class=\"vc_column-inner\"><div class=\"wpb_wrapper\"><div class=\"vc_message_box vc_message_box-standard vc_message_box-rounded vc_color-info vc_do_message\" ><div class=\"vc_message_box-icon\"><i class=\"fa fa-solid fa-circle-info\"><\/i><\/div><p>Alleen geschikt voor Windows 10 of hoger<\/p>\n<\/div>\n\t<div class=\"wpb_text_column wpb_content_element\" >\n\t\t<div class=\"wpb_wrapper\">\n\t\t\t<h3><b>Wat is er inbegrepen bij Microsoft Office 2019 Professional Plus?<\/b><\/h3>\n<p>Office 2019 voor Professional is een verzameling van populaire Office-programma\u2019s. De onderstaande software is inbegrepen in dit verzamelpakket. Met een paar eenvoudige klikken installeer je deze software direct op je PC:<\/p>\n<ul>\n<li><img fetchpriority=\"high\" decoding=\"async\" class=\"size-medium wp-image-9706 alignright\" src=\"https:\/\/jouwoffice.nl\/wp-content\/uploads\/2020\/02\/microsoftOffice2019-white-300x300.png\" alt=\"Microsoft office 2019 Professional Plus\" width=\"300\" height=\"300\" title=\"\">Microsoft Office Publisher 2019<\/li>\n<li>Microsoft Office Access 2019<\/li>\n<li>Microsoft Office Outlook 2019<\/li>\n<li>Microsoft Office Word 2019<\/li>\n<li>Microsoft Office Excel 2019<\/li>\n<li>Microsoft Office Powerpoint 2019<\/li>\n<li>Microsoft Office OneNote<\/li>\n<li>Microsoft Office Skype for Business<\/li>\n<\/ul>\n<p>Tijdens de installatie volgt er een taalkeuze. Iedere Europese taal is toegestaan. Bijv. Nederlands, Engels, Duits, Frans, Spaans.<\/p>\n<p><!--more--><\/p>\n<h3>Office 2019 Standalone &amp; Ms Office 2019 Size<\/h3>\n<p><em><strong>Systeemvereisten:<\/strong><\/em><\/p>\n<ul>\n<li><strong>Computer en processor<\/strong><br \/>\n1.6 gigahertz (GHz) of sneller, 2-core<\/li>\n<li><b>RAM memory:<\/b><br \/>\n4 GB RAM; 2 GB RAM (32-bit)<\/li>\n<li><strong>Disk space<\/strong>:<br \/>\n4 GB aan vrije schrijfruimte nodig.<\/li>\n<li><strong>Screen resolution<\/strong><br \/>\n1280 x 768 beeldscherm resolutie<\/li>\n<li><strong>Grafisch<\/strong><br \/>\nVereist DirectX 9 of hoger, met WDDM 2.0 of hoger voor Windows 10 (of WDDM 1.3 of hoger voor Windows 10 Fall Creators Update).<\/li>\n<li><strong>Operating system<\/strong><br \/>\nWindows 10, Windows 11, Windows Server 2019<\/li>\n<li><strong>.NET versie<\/strong><br \/>\nVoor sommige functies moet mogelijk .NET 3.5 of 4.6 en hoger worden ge\u00efnstalleerd.<\/li>\n<\/ul>\n<p>&nbsp;<\/p>\n<p>You can buy Microsoft Office 2019 from YourLicenses. We only sell genuine products that you can install through the official channels on your device(s). Directly shipped by email after completing your payment with PayPal, credit card or bank transfer.<\/p>\n\n\t\t<\/div>\n\t<\/div>\n<\/div><\/div><\/div><\/div>\n<h3>Top Features:<\/h3>\n<ul>\n<li><a href=\"https:\/\/jouwoffice.nl\/en\/\"><strong>microsoft office full version<\/strong><\/a><\/li>\n<li><strong data-key=\"office 2019 pro plus\">office 2019 pro plus<\/strong><\/li>\n<li><strong data-key=\"microsoft office 2019 product key\">microsoft office 2019 product key<\/strong><\/li>\n<li><strong data-key=\"office 2019 lifetime license\">office 2019 lifetime license<\/strong><\/li>\n<\/ul>\n<p><a href=\"https:\/\/jouwoffice.nl\/en\/office-pro-plus-online-installeren\/\">How do I install Microsoft office 2019?<\/a><\/p>\n<\/div>","protected":false},"excerpt":{"rendered":"<p><strong>Microsoft Office 2019 Professional Plus<\/strong>\u00a0is de nieuwste versie van het Microsoft Office pakket.\u00a0Office 2019 Professional Plus\u00a0is de beste optie voor mensen die Office willen gebruiken en geen jaarlijks abonnement wensen.<\/p>\n<ul class=\"list-advantages mt5\" style=\"margin-bottom: 40px;\">\n<li class=\"right-underlined\"><i class=\"glyphicon glyphicon-ok text-primary\"><\/i>\u00a0<strong>Directly shipped<\/strong> by email!<\/li>\n<li class=\"right-underlined\"><i class=\"glyphicon glyphicon-ok text-primary\"><\/i>\u00a0<strong>Safe<\/strong> and <strong>secure<\/strong> payment<\/li>\n<li class=\"right-underlined\"><i class=\"glyphicon glyphicon-ok text-primary\"><\/i>\u00a0<strong>Free help <\/strong>during installation<\/li>\n<li class=\"right-underlined\"><i class=\"glyphicon glyphicon-ok text-primary\"><\/i>\u00a0Customer support<\/li>\n<\/ul>\n<p><strong>Eenmalige aankoop, voor \u00e9\u00e9n activatie op \u00e9\u00e9n apparaat.<\/strong><\/p>","protected":false},"featured_media":43018,"comment_status":"open","ping_status":"closed","template":"","meta":[],"product_brand":[],"product_cat":[81],"product_tag":[169,78,80,79,168],"class_list":{"0":"post-11292","1":"product","2":"type-product","3":"status-publish","4":"has-post-thumbnail","6":"product_cat-office","7":"product_tag-excel","8":"product_tag-microsoft","9":"product_tag-microsoft-office-professional","10":"product_tag-office-2019","11":"product_tag-word","13":"first","14":"outofstock","15":"sale","16":"featured","17":"virtual","18":"taxable","19":"purchasable","20":"product-type-simple"},"_links":{"self":[{"href":"https:\/\/jouwoffice.nl\/en\/wp-json\/wp\/v2\/product\/11292","targetHints":{"allow":["GET"]}}],"collection":[{"href":"https:\/\/jouwoffice.nl\/en\/wp-json\/wp\/v2\/product"}],"about":[{"href":"https:\/\/jouwoffice.nl\/en\/wp-json\/wp\/v2\/types\/product"}],"replies":[{"embeddable":true,"href":"https:\/\/jouwoffice.nl\/en\/wp-json\/wp\/v2\/comments?post=11292"}],"wp:featuredmedia":[{"embeddable":true,"href":"https:\/\/jouwoffice.nl\/en\/wp-json\/wp\/v2\/media\/43018"}],"wp:attachment":[{"href":"https:\/\/jouwoffice.nl\/en\/wp-json\/wp\/v2\/media?parent=11292"}],"wp:term":[{"taxonomy":"product_brand","embeddable":true,"href":"https:\/\/jouwoffice.nl\/en\/wp-json\/wp\/v2\/product_brand?post=11292"},{"taxonomy":"product_cat","embeddable":true,"href":"https:\/\/jouwoffice.nl\/en\/wp-json\/wp\/v2\/product_cat?post=11292"},{"taxonomy":"product_tag","embeddable":true,"href":"https:\/\/jouwoffice.nl\/en\/wp-json\/wp\/v2\/product_tag?post=11292"}],"curies":[{"name":"wp","href":"https:\/\/api.w.org\/{rel}","templated":true}]}}