{"id":10790,"date":"2020-03-27T13:30:59","date_gmt":"2020-03-27T12:30:59","guid":{"rendered":"https:\/\/jouwoffice.nl\/?post_type=product&#038;p=10790"},"modified":"2023-03-30T12:57:06","modified_gmt":"2023-03-30T10:57:06","slug":"microsoft-office-2016-home-and-business-mac","status":"publish","type":"product","link":"https:\/\/jouwoffice.nl\/de\/microsoft-office-2016-home-and-business-mac\/","title":{"rendered":"Microsoft Office 2016 Home and Business MAC"},"content":{"rendered":"<div class=\"wpb-content-wrapper\"><h2>Microsoft Office 2016 Home and Business MAC<\/h2>\n<div class=\"vc_row wpb_row vc_row-fluid\"><div class=\"wpb_column vc_column_container vc_col-sm-12\"><div class=\"vc_column-inner\"><div class=\"wpb_wrapper\"><div class=\"vc_message_box vc_message_box-standard vc_message_box-rounded vc_color-info vc_custom_1585646835696 vc_do_message\" ><div class=\"vc_message_box-icon\"><i class=\"fa fa-solid fa-circle-info\"><\/i><\/div><p>Alleen voor Mac! <a href=\"http:\/\/jouwoffice.nl\/de\/\" target=\"_blank\" rel=\"noopener\">Klik hier voor Windows<\/a>.<\/p>\n<\/div>\n\t<div class=\"wpb_text_column wpb_content_element\" >\n\t\t<div class=\"wpb_wrapper\">\n\t\t\t<p><strong>Microsoft Office 2016 Home and Business<\/strong>\u00a0<strong>Mac<\/strong>\u00a0is de beste optie voor mensen die Office op \u00e9\u00e9n <a href=\"https:\/\/nl.wikipedia.org\/wiki\/MacBook_(2015-2019)\" target=\"_blank\" rel=\"noopener\">Macbook<\/a> of iMac willen gebruiken en geen abonnement willen.<\/p>\n<p>&nbsp;<\/p>\n<p><b>Wat is er inbegrepen bij Microsoft Office 2016 Home and Business MAC\u00a0?<\/b><\/p>\n<p>Microsoft Office Word 2016<br \/>\nMicrosoft Office Excel 2016<br \/>\nMicrosoft Office Powerpoint 2016<br \/>\nMicrosoft Office Outlook 2016<br \/>\nMicrosoft Office OneNote 2016<\/p>\n<ul class=\"default_listitem\">\n<li style=\"list-style-type: none;\"><\/li>\n<\/ul>\n<p>Tijdens de installatie volgt er een taalkeuze. Iedere Europese taal is toegestaan. Bijv. Nederlands, Engels, Duits, Frans, Spaans<\/p>\n<p>&nbsp;<\/p>\n<p><em><strong>Systeem vereisten:<\/strong><\/em><\/p>\n<p><strong>Computer en processor<\/strong><br \/>\nIntel processor<\/p>\n<p><b>Ram geheugen:<\/b><br \/>\n4 GB RAM<\/p>\n<p><strong>Schrijfruimte<\/strong>:<br \/>\n6 GB aan vrije schrijfruimte nodig<\/p>\n<p><strong>Beeldscherm resolutie<\/strong><br \/>\n1280 x 800 beeldscherm resolutie of hoger<\/p>\n<p><strong>Operating system<\/strong><br \/>\nMac OS X versie 10.10 of hoger<\/p>\n<p>&nbsp;<\/p>\n<p>Wij garanderen dat alle verkochte licenties geldig en origineel zijn. Door de aard van het product kunnen wij deze na levering aan de consument niet meer retour nemen en is het niet mogelijk beroep te doen op het herroepingsrecht.<\/p>\n<p>You can also check <a href=\"https:\/\/jouwoffice.nl\/de\/microsoft-office-2019-professional-plus-windows\/\">Microsoft office 2019<\/a><\/p>\n\n\t\t<\/div>\n\t<\/div>\n<\/div><\/div><\/div><\/div>\n<\/div>","protected":false},"excerpt":{"rendered":"<p><strong>Microsoft Office 2016 Home and Business MAC <\/strong>is de voordeligste versie van het Microsoft Office pakket voor jouw iMac of MacBook.<\/p>\n<p>Office 2016 Professional Plus is de beste optie voor mensen die Office willen gebruiken en geen jaarlijks abonnement wensen.<\/p>\n<ul class=\"list-advantages mt5\" style=\"margin-bottom: 40px;\">\n<li class=\"right-underlined\"><i class=\"glyphicon glyphicon-ok text-primary\"><\/i>\u00a0<strong>Sofortige Lieferung<\/strong> Ihre Codes!<\/li>\n<li class=\"right-underlined\"><i class=\"glyphicon glyphicon-ok text-primary\"><\/i>\u00a0<strong>Sichere<\/strong> und <strong>schnelle<\/strong> Bezahlung.<\/li>\n<li class=\"right-underlined\"><i class=\"glyphicon glyphicon-ok text-primary\"><\/i>\u00a0<strong>Kostenlose <\/strong>Installationshilfe.<\/li>\n<li class=\"right-underlined\"><i class=\"glyphicon glyphicon-ok text-primary\"><\/i>\u00a0Pers\u00f6nlicher Kundenservice.<\/li>\n<\/ul>\n<p><strong>Alleen voor Mac. <\/strong><br \/>\n<strong>Eenmalige aankoop, voor \u00e9\u00e9n activatie op \u00e9\u00e9n apparaat.<\/strong><\/p>","protected":false},"featured_media":43023,"comment_status":"open","ping_status":"closed","template":"","meta":[],"product_brand":[],"product_cat":[86],"product_tag":[84,83,78,82],"class_list":{"0":"post-10790","1":"product","2":"type-product","3":"status-publish","4":"has-post-thumbnail","6":"product_cat-office-voor-mac","7":"product_tag-home-and-business","8":"product_tag-mac","9":"product_tag-microsoft","10":"product_tag-office-2016","12":"first","13":"outofstock","14":"sale","15":"taxable","16":"shipping-taxable","17":"purchasable","18":"product-type-simple"},"_links":{"self":[{"href":"https:\/\/jouwoffice.nl\/de\/wp-json\/wp\/v2\/product\/10790","targetHints":{"allow":["GET"]}}],"collection":[{"href":"https:\/\/jouwoffice.nl\/de\/wp-json\/wp\/v2\/product"}],"about":[{"href":"https:\/\/jouwoffice.nl\/de\/wp-json\/wp\/v2\/types\/product"}],"replies":[{"embeddable":true,"href":"https:\/\/jouwoffice.nl\/de\/wp-json\/wp\/v2\/comments?post=10790"}],"wp:featuredmedia":[{"embeddable":true,"href":"https:\/\/jouwoffice.nl\/de\/wp-json\/wp\/v2\/media\/43023"}],"wp:attachment":[{"href":"https:\/\/jouwoffice.nl\/de\/wp-json\/wp\/v2\/media?parent=10790"}],"wp:term":[{"taxonomy":"product_brand","embeddable":true,"href":"https:\/\/jouwoffice.nl\/de\/wp-json\/wp\/v2\/product_brand?post=10790"},{"taxonomy":"product_cat","embeddable":true,"href":"https:\/\/jouwoffice.nl\/de\/wp-json\/wp\/v2\/product_cat?post=10790"},{"taxonomy":"product_tag","embeddable":true,"href":"https:\/\/jouwoffice.nl\/de\/wp-json\/wp\/v2\/product_tag?post=10790"}],"curies":[{"name":"wp","href":"https:\/\/api.w.org\/{rel}","templated":true}]}}