{"id":17655,"date":"2020-10-12T18:26:18","date_gmt":"2020-10-12T16:26:18","guid":{"rendered":"https:\/\/jouwoffice.nl\/?page_id=17655"},"modified":"2022-05-28T11:01:46","modified_gmt":"2022-05-28T09:01:46","slug":"office-mac-installeren","status":"publish","type":"page","link":"https:\/\/jouwoffice.nl\/de\/office-mac-installeren\/","title":{"rendered":"Office Mac installeren | Microsoft office 2019 professional Plus"},"content":{"rendered":"<div class=\"wpb-content-wrapper\"><section data-vc-full-width=\"true\" data-vc-full-width-temp=\"true\" data-vc-full-width-init=\"false\" class=\"vc_section vc_custom_1519729320894 vc_section-has-fill\"><div class=\"vc_row wpb_row vc_row-fluid vc_custom_1519729633442 vc_row-o-equal-height vc_row-flex\"><div class=\"box-shadow-contact wpb_column vc_column_container vc_col-sm-12 vc_col-has-fill\"><div class=\"vc_column-inner vc_custom_1519729536737\"><div class=\"wpb_wrapper\"><h1 style=\"font-size: 28px;line-height: 27px;text-align: left\" class=\"vc_custom_heading vc_do_custom_heading vc_custom_1651160968686\" >Office Mac installeren: Hoe installeer ik Microsoft Office 2016 of 2019 voor Mac?<\/h1><div class=\"vc_empty_space\"   style=\"height: 32px\"><span class=\"vc_empty_space_inner\"><\/span><\/div>\n\t<div class=\"wpb_text_column wpb_content_element\" >\n\t\t<div class=\"wpb_wrapper\">\n\t\t\t<p>Die Installation von Microsoft Office f\u00fcr Mac ist sehr einfach, Sie k\u00f6nnen die folgenden Schritte leicht befolgen. Haben Sie noch Fragen? Sie k\u00f6nnen uns jederzeit per <a href=\"http:\/\/jouwoffice.nl\/de\/kontaktieren\/\" target=\"_blank\" rel=\"noopener\">email<\/a> oder Chat kontaktieren.<\/p>\n\n\t\t<\/div>\n\t<\/div>\n<div class=\"rt-accordion element-five\"  ><div class=\"rt-accordion-item\"><div class=\"rt-accordion-item-title\"><div class=\"rt-accordion-item-title-icon\"><div class=\"symbol\"><\/div><\/div><h4 class=\"panel-title\">Schritt 1: Downloaden<\/h4><\/div><div class=\"rt-accordion-item-body\"><\/p>\n<h2>Office Mac installeren Step<\/h2>\n<p>Download de Office software in jouw voorkeurstaal op de offici\u00eble Microsoft website. Hiervoor heb je een Microsoft account nodig, wat je kunt aanmaken wanneer je <a href=\"https:\/\/jouwoffice.nl\/de\/office-voor-mac\/\">Office Mac<\/a> download via de link hieronder:<\/p>\n<p>&nbsp;<\/p>\n<div class=\"rt-button element-one hover-style-one\" style=\"margin-bottom: 20px;\"><a class=\"rt-button-main\" href=\"https:\/\/setup.office.com\" target=\"_blank\" rel=\"noopener\">DOWNLOAD OFFICE<\/a><\/div>\n<p><\/div><\/div><div class=\"rt-accordion-item\"><div class=\"rt-accordion-item-title\"><div class=\"rt-accordion-item-title-icon\"><div class=\"symbol\"><\/div><\/div><h4 class=\"panel-title\">Schritt 2: \u00d6ffnen<\/h4><\/div><div class=\"rt-accordion-item-body\">\u00d6ffnen Sie die heruntergeladene Datei mit einem doppelten Mausklick, dadurch wird die Installation gestartet.<\/p>\n<p>&nbsp;<\/p>\n<figure id=\"attachment_17657\" aria-describedby=\"caption-attachment-17657\" style=\"width: 1024px\" class=\"wp-caption alignnone\"><img fetchpriority=\"high\" decoding=\"async\" class=\"wp-image-17657 size-large\" src=\"https:\/\/jouwoffice.nl\/wp-content\/uploads\/2020\/10\/Screenshot-2020-04-26-at-15.41.40-e1587908803893-1024x402.png\" alt=\"Office Mac installeren\" width=\"1024\" height=\"402\" title=\"\"><figcaption id=\"caption-attachment-17657\" class=\"wp-caption-text\">Office Mac installeren<\/figcaption><\/figure>\n<p><\/div><\/div><div class=\"rt-accordion-item\"><div class=\"rt-accordion-item-title\"><div class=\"rt-accordion-item-title-icon\"><div class=\"symbol\"><\/div><\/div><h4 class=\"panel-title\">Schritt 3: Installieren<\/h4><\/div><div class=\"rt-accordion-item-body\">Nach dem \u00d6ffnen der Datei startet die Installation in der von Ihnen gew\u00fcnschten Sprache.<\/p>\n<p>&nbsp;<\/p>\n<p><img decoding=\"async\" class=\"alignnone wp-image-17658 size-large\" src=\"https:\/\/jouwoffice.nl\/wp-content\/uploads\/2020\/10\/Screenshot-2020-04-26-at-15.43.12-e1587908829289-1024x680.png\" alt=\"\" width=\"640\" height=\"425\" title=\"\"><\/div><\/div><div class=\"rt-accordion-item\"><div class=\"rt-accordion-item-title\"><div class=\"rt-accordion-item-title-icon\"><div class=\"symbol\"><\/div><\/div><h4 class=\"panel-title\">Schritt 4: Aktiveren<\/h4><\/div><div class=\"rt-accordion-item-body\"><\/p>\n<div class=\"wpb_text_column wpb_content_element\">\n<div class=\"wpb_wrapper\">\n<p>Nachdem die Installation abgeschlossen ist, k\u00f6nnen Sie Office aktivieren, indem Sie eine der installierten Anwendungen wie Word oder Excel \u00f6ffnen. Hier k\u00f6nnen Sie sich mit dem Microsoft-Konto anmelden, das Sie zum Herunterladen der Office-Software verwendet haben:<\/p>\n<p>&nbsp;<\/p>\n<\/div>\n<\/div>\n<div class=\"martfury-empty-space\"><img decoding=\"async\" class=\"alignnone wp-image-17659\" src=\"https:\/\/jouwoffice.nl\/wp-content\/uploads\/2020\/10\/Screenshot-2020-04-26-at-15.43.49-e1587908847305.png\" alt=\"\" width=\"600\" height=\"484\" title=\"\"><\/div>\n<p><\/div><\/div><\/div><\/div><\/div><\/div><\/div><\/section><div class=\"vc_row-full-width vc_clearfix\"><\/div>\n<\/div>","protected":false},"excerpt":{"rendered":"Office Mac installeren: Hoe installeer ik Microsoft Office 2016 of 2019 voor Mac? Het installeren van Microsoft Office voor Mac is erg simpel, je kunt gemakkelijk de onderstaande stappen volgen, toch nog vragen? Je kunt via hier altijd contact met ons opnemen per mail of via de chat. Stap 1: Download office Office Mac installeren [...]","protected":false},"author":1,"featured_media":0,"parent":0,"menu_order":0,"comment_status":"closed","ping_status":"closed","template":"","meta":{"footnotes":""},"class_list":["post-17655","page","type-page","status-publish","hentry"],"_links":{"self":[{"href":"https:\/\/jouwoffice.nl\/de\/wp-json\/wp\/v2\/pages\/17655","targetHints":{"allow":["GET"]}}],"collection":[{"href":"https:\/\/jouwoffice.nl\/de\/wp-json\/wp\/v2\/pages"}],"about":[{"href":"https:\/\/jouwoffice.nl\/de\/wp-json\/wp\/v2\/types\/page"}],"author":[{"embeddable":true,"href":"https:\/\/jouwoffice.nl\/de\/wp-json\/wp\/v2\/users\/1"}],"replies":[{"embeddable":true,"href":"https:\/\/jouwoffice.nl\/de\/wp-json\/wp\/v2\/comments?post=17655"}],"version-history":[{"count":0,"href":"https:\/\/jouwoffice.nl\/de\/wp-json\/wp\/v2\/pages\/17655\/revisions"}],"wp:attachment":[{"href":"https:\/\/jouwoffice.nl\/de\/wp-json\/wp\/v2\/media?parent=17655"}],"curies":[{"name":"wp","href":"https:\/\/api.w.org\/{rel}","templated":true}]}}